{"id":68,"date":"2019-05-14T08:49:27","date_gmt":"2019-05-14T06:49:27","guid":{"rendered":"http:\/\/www.lea-asbl.be\/wordpress\/?page_id=68"},"modified":"2022-03-27T13:10:25","modified_gmt":"2022-03-27T11:10:25","slug":"nos-origines","status":"publish","type":"page","link":"https:\/\/www.lea-asbl.be\/wordpress\/index.php\/nos-origines\/","title":{"rendered":"Nos origines"},"content":{"rendered":"<div id=\"fb-root\"><\/div>\n\n<p>Le probl\u00e8me, c&rsquo;est souvent perdre son autonomie et le go\u00fbt du projet, faire face \u00e0 la solitude, s&rsquo;ennuyer, se replier socialement.<\/p>\n\n\n\n<p>L.E.A. a \u00e9t\u00e9 cr\u00e9\u00e9e en 2007. L&rsquo;id\u00e9e est partie de quatre skippers, sensibilis\u00e9s \u00e0 la souffrance des enfants, d\u00e9sireux de mettre leur exp\u00e9rience au service de ces derniers. Apr\u00e8s diff\u00e9rentes rencontres, ils ont rapidement constitu\u00e9 une asbl pour aider par la navigation \u00e0 la voile, les enfants atteints de pathologies s\u00e9v\u00e8res ou en difficult\u00e9s sociales.<\/p>\n","protected":false},"excerpt":{"rendered":"<p>Le probl\u00e8me, c&rsquo;est souvent perdre son autonomie et le go\u00fbt du projet, faire face \u00e0 la solitude, s&rsquo;ennuyer, se replier socialement. L.E.A. a \u00e9t\u00e9 cr\u00e9\u00e9e en 2007. L&rsquo;id\u00e9e est partie de quatre skippers, sensibilis\u00e9s \u00e0 la souffrance des enfants, d\u00e9sireux de mettre leur exp\u00e9rience au service de ces derniers. Apr\u00e8s diff\u00e9rentes rencontres, ils ont rapidement&#8230;<\/p>\n","protected":false},"author":1,"featured_media":0,"parent":0,"menu_order":0,"comment_status":"closed","ping_status":"closed","template":"","meta":[],"_links":{"self":[{"href":"https:\/\/www.lea-asbl.be\/wordpress\/index.php\/wp-json\/wp\/v2\/pages\/68"}],"collection":[{"href":"https:\/\/www.lea-asbl.be\/wordpress\/index.php\/wp-json\/wp\/v2\/pages"}],"about":[{"href":"https:\/\/www.lea-asbl.be\/wordpress\/index.php\/wp-json\/wp\/v2\/types\/page"}],"author":[{"embeddable":true,"href":"https:\/\/www.lea-asbl.be\/wordpress\/index.php\/wp-json\/wp\/v2\/users\/1"}],"replies":[{"embeddable":true,"href":"https:\/\/www.lea-asbl.be\/wordpress\/index.php\/wp-json\/wp\/v2\/comments?post=68"}],"version-history":[{"count":5,"href":"https:\/\/www.lea-asbl.be\/wordpress\/index.php\/wp-json\/wp\/v2\/pages\/68\/revisions"}],"predecessor-version":[{"id":333,"href":"https:\/\/www.lea-asbl.be\/wordpress\/index.php\/wp-json\/wp\/v2\/pages\/68\/revisions\/333"}],"wp:attachment":[{"href":"https:\/\/www.lea-asbl.be\/wordpress\/index.php\/wp-json\/wp\/v2\/media?parent=68"}],"curies":[{"name":"wp","href":"https:\/\/api.w.org\/{rel}","templated":true}]}}