{"id":34,"date":"2019-05-13T22:43:32","date_gmt":"2019-05-13T20:43:32","guid":{"rendered":"http:\/\/www.lea-asbl.be\/wordpress\/?page_id=34"},"modified":"2022-06-17T00:02:06","modified_gmt":"2022-06-16T22:02:06","slug":"soutiens","status":"publish","type":"page","link":"https:\/\/www.lea-asbl.be\/wordpress\/index.php\/soutiens\/","title":{"rendered":"Nos soutiens"},"content":{"rendered":"<div id=\"fb-root\"><\/div>\n\n<p>Les associations suivantes nous aident<\/p>\n\n\n\n<ul><li><a href=\"http:\/\/www.golfllnnews.com\/?page_id=7493\">Working Ladies &#8211; golf club Louvain-la-Neuve<\/a><br>les b\u00e9n\u00e9fices de leur comp\u00e9tition annuelle<br>financent la plus grande partie de nos activit\u00e9s<br><\/li><li><a href=\"http:\/\/www.belgianpneumaticlub.be\/\">BPC &#8211; Belgian Pneumaticlub\u00a0(Bruxelles)<\/a><\/li><li><a href=\"http:\/\/www.chatbotte.be\">Le Chat Bott\u00e9 (Bredene)<\/a><\/li><li><a href=\"https:\/\/www.divefactory.be\/\">Dive Factory (Braine-l&rsquo;Alleud)<\/a><\/li><li><a href=\"http:\/\/www.planche-a-voile.be\/\">Espace Fun (Eau d&rsquo;Heure)<\/a><\/li><li><a href=\"http:\/\/www.kycn.be\">KYCN &#8211; Koninklijke Yacht Club (Nieuwpoort)<\/a><\/li><li><a href=\"https:\/\/www.facebook.com\/raidmosan.org\/\">Raid Mosan (Rotary)<\/a><\/li><li><a href=\"http:\/\/www.ryco.be\/\">RYCO &#8211; Royal Yachtclub Oostende<\/a><\/li><li><a href=\"http:\/\/www.sneh.be\/\">SNEH &#8211; Sports Nautiques Eau d&rsquo;Heure<\/a><\/li><li><a href=\"http:\/\/www.spinnaker.be\/\">Spinnaker\u00a0(Brabant Wallon)<\/a><\/li><li><a href=\"http:\/\/www.twinsclub.be\/\">Twins Club (Bredene)<\/a><\/li><\/ul>\n\n\n\n<p>Et bon nombre de g\u00e9n\u00e9reux donateurs et donatrices <\/p>\n","protected":false},"excerpt":{"rendered":"<p>Les associations suivantes nous aident Et bon nombre de g\u00e9n\u00e9reux donateurs et donatrices<\/p>\n","protected":false},"author":1,"featured_media":0,"parent":0,"menu_order":0,"comment_status":"closed","ping_status":"closed","template":"","meta":[],"_links":{"self":[{"href":"https:\/\/www.lea-asbl.be\/wordpress\/index.php\/wp-json\/wp\/v2\/pages\/34"}],"collection":[{"href":"https:\/\/www.lea-asbl.be\/wordpress\/index.php\/wp-json\/wp\/v2\/pages"}],"about":[{"href":"https:\/\/www.lea-asbl.be\/wordpress\/index.php\/wp-json\/wp\/v2\/types\/page"}],"author":[{"embeddable":true,"href":"https:\/\/www.lea-asbl.be\/wordpress\/index.php\/wp-json\/wp\/v2\/users\/1"}],"replies":[{"embeddable":true,"href":"https:\/\/www.lea-asbl.be\/wordpress\/index.php\/wp-json\/wp\/v2\/comments?post=34"}],"version-history":[{"count":11,"href":"https:\/\/www.lea-asbl.be\/wordpress\/index.php\/wp-json\/wp\/v2\/pages\/34\/revisions"}],"predecessor-version":[{"id":430,"href":"https:\/\/www.lea-asbl.be\/wordpress\/index.php\/wp-json\/wp\/v2\/pages\/34\/revisions\/430"}],"wp:attachment":[{"href":"https:\/\/www.lea-asbl.be\/wordpress\/index.php\/wp-json\/wp\/v2\/media?parent=34"}],"curies":[{"name":"wp","href":"https:\/\/api.w.org\/{rel}","templated":true}]}}