{"id":10,"date":"2019-05-13T22:43:16","date_gmt":"2019-05-13T20:43:16","guid":{"rendered":"http:\/\/www.lea-asbl.be\/wordpress\/?page_id=10"},"modified":"2022-03-27T13:09:55","modified_gmt":"2022-03-27T11:09:55","slug":"bienvenue","status":"publish","type":"page","link":"https:\/\/www.lea-asbl.be\/wordpress\/","title":{"rendered":"Bienvenue"},"content":{"rendered":"<div id=\"fb-root\"><\/div>\n\n<p>Le projet de L.E.A. est de proposer aux enfants socialement d\u00e9favoris\u00e9s et aux enfants atteints de pathologies s\u00e9v\u00e8res d&rsquo;entrer en contact avec le monde de la voile sportive ou de plaisance.<\/p>\n\n\n\n<p>La voile, par ses valeurs, peut apporter espoir, assurance et solidarit\u00e9 \u00e0 ces enfants.<\/p>\n\n\n\n<p>Psychologiquement et mentalement, la voile est une bonne \u00e9cole pour d\u00e9velopper la volont\u00e9, l&rsquo;endurance, la concentration et l&rsquo;ind\u00e9pendance ainsi que pour apprendre \u00e0 contr\u00f4ler le stress et l&rsquo;angoisse. La fr\u00e9quentation d&rsquo;autres enfants en \u00e9quipage am\u00e9liore la sociabilit\u00e9.<\/p>\n\n\n\n<p>L.E.A propose:<\/p>\n\n\n\n<ul><li>l&#8217;embarquement \u00e0 bord de son voilier Seascape 18 et de ceux de b\u00e9n\u00e9voles<\/li><li>l&rsquo;organisation de stages de voile en collaboration avec le SNEH, l&rsquo;ADEPS et d&rsquo;autres asbl d&rsquo;aide \u00e0 l&rsquo;enfance<\/li><li>depuis 2014, des sorties sur des voiliers adapt\u00e9s, en partenariat avec le l&rsquo;\u00e9quipe Handi-Voile du SNEH<\/li><li>des sorties en semi-rigide avec le BPC Belgian Pneumaticlub<\/li><li>un week-end au Chat Bott\u00e9 \u00e0 Ostende (Char \u00e0 voile, Kite, Stand Up Paddle, surf,&#8230;)<br>ou ailleurs<\/li><li>des bapt\u00eames de plong\u00e9e en piscine avec le soutien de Dive Factory<\/li><\/ul>\n\n\n\n<p>La pratique de sports nautiques nous remet en contact \u00e9troit avec notre environnement marin. Convaincus que notre environnement d\u00e9grad\u00e9 entraine de nombreuses pathologies, nous sensibilisons les participants \u00e0 cette prise de conscience et pratiquons la voile avec le plus grand respect pour l&rsquo;environnement.<\/p>\n\n\n\n<p><\/p>\n","protected":false},"excerpt":{"rendered":"<p>Le projet de L.E.A. est de proposer aux enfants socialement d\u00e9favoris\u00e9s et aux enfants atteints de pathologies s\u00e9v\u00e8res d&rsquo;entrer en contact avec le monde de la voile sportive ou de plaisance. La voile, par ses valeurs, peut apporter espoir, assurance et solidarit\u00e9 \u00e0 ces enfants. Psychologiquement et mentalement, la voile est une bonne \u00e9cole pour&#8230;<\/p>\n","protected":false},"author":1,"featured_media":0,"parent":0,"menu_order":0,"comment_status":"closed","ping_status":"closed","template":"","meta":[],"_links":{"self":[{"href":"https:\/\/www.lea-asbl.be\/wordpress\/index.php\/wp-json\/wp\/v2\/pages\/10"}],"collection":[{"href":"https:\/\/www.lea-asbl.be\/wordpress\/index.php\/wp-json\/wp\/v2\/pages"}],"about":[{"href":"https:\/\/www.lea-asbl.be\/wordpress\/index.php\/wp-json\/wp\/v2\/types\/page"}],"author":[{"embeddable":true,"href":"https:\/\/www.lea-asbl.be\/wordpress\/index.php\/wp-json\/wp\/v2\/users\/1"}],"replies":[{"embeddable":true,"href":"https:\/\/www.lea-asbl.be\/wordpress\/index.php\/wp-json\/wp\/v2\/comments?post=10"}],"version-history":[{"count":9,"href":"https:\/\/www.lea-asbl.be\/wordpress\/index.php\/wp-json\/wp\/v2\/pages\/10\/revisions"}],"predecessor-version":[{"id":332,"href":"https:\/\/www.lea-asbl.be\/wordpress\/index.php\/wp-json\/wp\/v2\/pages\/10\/revisions\/332"}],"wp:attachment":[{"href":"https:\/\/www.lea-asbl.be\/wordpress\/index.php\/wp-json\/wp\/v2\/media?parent=10"}],"curies":[{"name":"wp","href":"https:\/\/api.w.org\/{rel}","templated":true}]}}